{"id":644,"date":"2017-11-22T11:29:03","date_gmt":"2017-11-22T16:29:03","guid":{"rendered":"https:\/\/www.inscriptionenligne.ca\/defidessemelles\/?page_id=644"},"modified":"2025-11-27T15:19:04","modified_gmt":"2025-11-27T20:19:04","slug":"transfert","status":"publish","type":"page","link":"https:\/\/www.inscriptionenligne.ca\/on-avance-ensemble\/transfert\/","title":{"rendered":"Transfert d&rsquo;inscription"},"content":{"rendered":"<h2>Fonctionnement<\/h2>\n<ol>\n<li>1.S\u00e9lectionnez votre nom et votre # de commande<\/li>\n<li>2.Entrez l&rsquo;adresse courriel utilis\u00e9e lors de l&rsquo;inscription initiale<\/li>\n<li>3.Entrez les informations du participant \u00e0 qui vous transf\u00e9rez l&rsquo;inscription<\/li>\n<li>4.Acquittez les frais et confirmez<\/li>\n<li>5.Suivez les instructions re\u00e7ues dans le courriel de confirmation pour confirmer le transfert<\/li>\n<\/ol>\n<p>*Mis \u00e0 part les frais de transfert aucun autre frais ne vous sera factur\u00e9.<br \/>\nC&rsquo;est votre responsabilit\u00e9 de percevoir s&rsquo;il y a lieu, toute somme demand\u00e9e \u00e0 la personne \u00e0 qui vous effectuez le transfert.<\/p>\n<p><span style=\"color: #ff0000;\"><strong>**IMPORTANT** Si votre nom ne figure pas dans la liste <a href=\"https:\/\/www.inscriptionenligne.ca\/support\/?lien=Dix%20de%20coeur\" target=\"_blank\" rel=\"noopener noreferrer\">cliquez ici<\/a> pour faire une demande de transfert via notre service de support<\/strong><\/span><\/p>\n<p><!--<strong>LES INSCRIPTIONS EN LIGNE SONT MAINTENANT TERMIN\u00c9ES<\/strong>\n\n<!--<strong>Nous sommes dans l'obligation d'annuler notre \u00e9v\u00e9nement pour 2020 en raison de la pand\u00e9mie du COVID-19 .\u00a0 \u00c0 l'an prochain..<\/strong>\n\n<strong>Les participants inscrits recevront une infolettre sous peu leur indiquant les options qui s'offrent \u00e0 eux.<\/strong>--><\/p>\n","protected":false},"excerpt":{"rendered":"<p>Fonctionnement 1.S\u00e9lectionnez votre nom et votre # de commande 2.Entrez l&rsquo;adresse courriel utilis\u00e9e lors de l&rsquo;inscription initiale 3.Entrez les informations du participant \u00e0 qui vous transf\u00e9rez l&rsquo;inscription 4.Acquittez les frais et confirmez 5.Suivez les instructions re\u00e7ues dans le courriel de confirmation pour confirmer le transfert *Mis \u00e0 part les frais de transfert aucun autre frais [&hellip;]<\/p>\n","protected":false},"author":1,"featured_media":0,"parent":0,"menu_order":0,"comment_status":"closed","ping_status":"closed","template":"transfert.php","meta":{"_et_pb_use_builder":"","_et_pb_old_content":"","_et_gb_content_width":"","footnotes":""},"class_list":["post-644","page","type-page","status-publish","hentry"],"_links":{"self":[{"href":"https:\/\/www.inscriptionenligne.ca\/on-avance-ensemble\/wp-json\/wp\/v2\/pages\/644","targetHints":{"allow":["GET"]}}],"collection":[{"href":"https:\/\/www.inscriptionenligne.ca\/on-avance-ensemble\/wp-json\/wp\/v2\/pages"}],"about":[{"href":"https:\/\/www.inscriptionenligne.ca\/on-avance-ensemble\/wp-json\/wp\/v2\/types\/page"}],"author":[{"embeddable":true,"href":"https:\/\/www.inscriptionenligne.ca\/on-avance-ensemble\/wp-json\/wp\/v2\/users\/1"}],"replies":[{"embeddable":true,"href":"https:\/\/www.inscriptionenligne.ca\/on-avance-ensemble\/wp-json\/wp\/v2\/comments?post=644"}],"version-history":[{"count":9,"href":"https:\/\/www.inscriptionenligne.ca\/on-avance-ensemble\/wp-json\/wp\/v2\/pages\/644\/revisions"}],"predecessor-version":[{"id":990,"href":"https:\/\/www.inscriptionenligne.ca\/on-avance-ensemble\/wp-json\/wp\/v2\/pages\/644\/revisions\/990"}],"wp:attachment":[{"href":"https:\/\/www.inscriptionenligne.ca\/on-avance-ensemble\/wp-json\/wp\/v2\/media?parent=644"}],"curies":[{"name":"wp","href":"https:\/\/api.w.org\/{rel}","templated":true}]}}