{"id":260,"date":"2012-08-07T01:13:02","date_gmt":"2012-08-07T01:13:02","guid":{"rendered":"http:\/\/www.unsecondsouffle.com\/inscription\/?page_id=260"},"modified":"2026-03-17T09:37:57","modified_gmt":"2026-03-17T13:37:57","slug":"liste","status":"publish","type":"page","link":"https:\/\/www.inscriptionenligne.ca\/on-avance-ensemble\/liste\/","title":{"rendered":"Liste des participants &#8211; On Avance Ensemble"},"content":{"rendered":"<p>V\u00e9rifiez votre inscription \u00e0 l&rsquo;\u00e9v\u00e9nement <strong>On Avance Ensemble.<\/strong><\/p>\n<p>En cas de probl\u00e8me vous pouvez nous \u00e9crire \u00e0 \u00a0<a href=\"https:\/\/www.inscriptionenligne.ca\/support\/?lien=On Avance Ensemble\" target=\"_blank\" rel=\"noopener\">support@inscriptionenligne.ca<\/a>\u00a0.<\/p>\n","protected":false},"excerpt":{"rendered":"<p>V\u00e9rifiez votre inscription \u00e0 l&rsquo;\u00e9v\u00e9nement On Avance Ensemble. En cas de probl\u00e8me vous pouvez nous \u00e9crire \u00e0 \u00a0support@inscriptionenligne.ca\u00a0.<\/p>\n","protected":false},"author":1,"featured_media":0,"parent":0,"menu_order":0,"comment_status":"closed","ping_status":"closed","template":"view.php","meta":{"_et_pb_use_builder":"","_et_pb_old_content":"","_et_gb_content_width":"","footnotes":""},"class_list":["post-260","page","type-page","status-publish","hentry"],"_links":{"self":[{"href":"https:\/\/www.inscriptionenligne.ca\/on-avance-ensemble\/wp-json\/wp\/v2\/pages\/260","targetHints":{"allow":["GET"]}}],"collection":[{"href":"https:\/\/www.inscriptionenligne.ca\/on-avance-ensemble\/wp-json\/wp\/v2\/pages"}],"about":[{"href":"https:\/\/www.inscriptionenligne.ca\/on-avance-ensemble\/wp-json\/wp\/v2\/types\/page"}],"author":[{"embeddable":true,"href":"https:\/\/www.inscriptionenligne.ca\/on-avance-ensemble\/wp-json\/wp\/v2\/users\/1"}],"replies":[{"embeddable":true,"href":"https:\/\/www.inscriptionenligne.ca\/on-avance-ensemble\/wp-json\/wp\/v2\/comments?post=260"}],"version-history":[{"count":9,"href":"https:\/\/www.inscriptionenligne.ca\/on-avance-ensemble\/wp-json\/wp\/v2\/pages\/260\/revisions"}],"predecessor-version":[{"id":1562,"href":"https:\/\/www.inscriptionenligne.ca\/on-avance-ensemble\/wp-json\/wp\/v2\/pages\/260\/revisions\/1562"}],"wp:attachment":[{"href":"https:\/\/www.inscriptionenligne.ca\/on-avance-ensemble\/wp-json\/wp\/v2\/media?parent=260"}],"curies":[{"name":"wp","href":"https:\/\/api.w.org\/{rel}","templated":true}]}}