{"id":1131,"date":"2024-09-30T16:23:46","date_gmt":"2024-09-30T20:23:46","guid":{"rendered":"https:\/\/www.inscriptionenligne.ca\/dixdecoeur\/?page_id=1131"},"modified":"2026-03-27T10:52:34","modified_gmt":"2026-03-27T14:52:34","slug":"creer-une-equipe","status":"publish","type":"page","link":"https:\/\/www.inscriptionenligne.ca\/on-avance-ensemble\/creer-une-equipe\/","title":{"rendered":"Cr\u00e9er une \u00e9quipe"},"content":{"rendered":"<p>Le Touret est une \u00e9cole sp\u00e9cialis\u00e9e qui accueille des \u00e9l\u00e8ves pr\u00e9sentant une d\u00e9ficience intellectuelle moyenne, s\u00e9v\u00e8re ou profonde, incluant des jeunes ayant un diagnostic de trouble envahissant du d\u00e9veloppement. Ces enfants ont des besoins uniques. Ils ont besoin d\u2019environnements adapt\u00e9s, de mat\u00e9riel sp\u00e9cialis\u00e9 et de classes con\u00e7ues pour favoriser leur d\u00e9veloppement, leur autonomie et leur dignit\u00e9.<\/p>\n<p>La Fondation travaille sans rel\u00e2che pour am\u00e9liorer ces espaces mais les besoins sont grands et les ressources financi\u00e8res sont limit\u00e9es.<\/p>\n","protected":false},"excerpt":{"rendered":"<p>Le Touret est une \u00e9cole sp\u00e9cialis\u00e9e qui accueille des \u00e9l\u00e8ves pr\u00e9sentant une d\u00e9ficience intellectuelle moyenne, s\u00e9v\u00e8re ou profonde, incluant des jeunes ayant un diagnostic de trouble envahissant du d\u00e9veloppement. Ces enfants ont des besoins uniques. Ils ont besoin d\u2019environnements adapt\u00e9s, de mat\u00e9riel sp\u00e9cialis\u00e9 et de classes con\u00e7ues pour favoriser leur d\u00e9veloppement, leur autonomie et leur [&hellip;]<\/p>\n","protected":false},"author":1,"featured_media":0,"parent":0,"menu_order":0,"comment_status":"closed","ping_status":"closed","template":"regpagecrea.php","meta":{"_et_pb_use_builder":"","_et_pb_old_content":"","_et_gb_content_width":"","footnotes":""},"class_list":["post-1131","page","type-page","status-publish","hentry"],"_links":{"self":[{"href":"https:\/\/www.inscriptionenligne.ca\/on-avance-ensemble\/wp-json\/wp\/v2\/pages\/1131","targetHints":{"allow":["GET"]}}],"collection":[{"href":"https:\/\/www.inscriptionenligne.ca\/on-avance-ensemble\/wp-json\/wp\/v2\/pages"}],"about":[{"href":"https:\/\/www.inscriptionenligne.ca\/on-avance-ensemble\/wp-json\/wp\/v2\/types\/page"}],"author":[{"embeddable":true,"href":"https:\/\/www.inscriptionenligne.ca\/on-avance-ensemble\/wp-json\/wp\/v2\/users\/1"}],"replies":[{"embeddable":true,"href":"https:\/\/www.inscriptionenligne.ca\/on-avance-ensemble\/wp-json\/wp\/v2\/comments?post=1131"}],"version-history":[{"count":9,"href":"https:\/\/www.inscriptionenligne.ca\/on-avance-ensemble\/wp-json\/wp\/v2\/pages\/1131\/revisions"}],"predecessor-version":[{"id":1564,"href":"https:\/\/www.inscriptionenligne.ca\/on-avance-ensemble\/wp-json\/wp\/v2\/pages\/1131\/revisions\/1564"}],"wp:attachment":[{"href":"https:\/\/www.inscriptionenligne.ca\/on-avance-ensemble\/wp-json\/wp\/v2\/media?parent=1131"}],"curies":[{"name":"wp","href":"https:\/\/api.w.org\/{rel}","templated":true}]}}