{"id":1477,"date":"2025-12-05T14:17:25","date_gmt":"2025-12-05T19:17:25","guid":{"rendered":"https:\/\/www.inscriptionenligne.ca\/dixdecoeur\/?page_id=1477"},"modified":"2026-02-17T17:10:36","modified_gmt":"2026-02-17T22:10:36","slug":"ambassadeurs","status":"publish","type":"page","link":"https:\/\/www.inscriptionenligne.ca\/dixdecoeur\/ambassadeurs\/","title":{"rendered":"Ambassadeurs"},"content":{"rendered":"<p>[et_pb_section fb_built=\u00a0\u00bb1&Prime; _builder_version=\u00a0\u00bb4.27.4&Prime; _module_preset=\u00a0\u00bbdefault\u00a0\u00bb global_colors_info=\u00a0\u00bb{}\u00a0\u00bb][et_pb_row column_structure=\u00a0\u00bb1_3,1_3,1_3&Prime; _builder_version=\u00a0\u00bb4.27.4&Prime; _module_preset=\u00a0\u00bbdefault\u00a0\u00bb global_colors_info=\u00a0\u00bb{}\u00a0\u00bb][et_pb_column type=\u00a0\u00bb1_3&Prime; _builder_version=\u00a0\u00bb4.27.5&Prime; _module_preset=\u00a0\u00bbdefault\u00a0\u00bb global_colors_info=\u00a0\u00bb{}\u00a0\u00bb][et_pb_team_member name=\u00a0\u00bbGenevi\u00e8ve Leclerc\u00a0\u00bb image_url=\u00a0\u00bbhttps:\/\/www.inscriptionenligne.ca\/dixdecoeur\/wp-content\/uploads\/2025\/12\/PostRS_10decoeur2026_Geneviere_Leclers_Ambassadeurs.png\u00a0\u00bb _builder_version=\u00a0\u00bb4.27.5&Prime; _module_preset=\u00a0\u00bbdefault\u00a0\u00bb header_font=\u00a0\u00bb|600|||||||\u00a0\u00bb border_radii_image=\u00a0\u00bbon|12px|12px|12px|12px\u00a0\u00bb global_colors_info=\u00a0\u00bb{}\u00a0\u00bb]<\/p>\n<p>Depuis plus de 20 ans, elle fait briller Ultraviolet par son \u00e9nergie et son engagement. Devenir ambassadrice s\u2019est impos\u00e9 comme une \u00e9vidence pour elle : promouvoir la sant\u00e9 par l\u2019activit\u00e9 physique, soutenir sa communaut\u00e9 et rappeler que bouger, c\u2019est essentiel surtout quand la vie met des proches \u00e0 l\u2019\u00e9preuve.<\/p>\n<p>Nom d&rsquo;\u00e9quipe : Ambassadrice Genevi\u00e8ve Leclec Ultraviolet<\/p>\n<p>[\/et_pb_team_member][\/et_pb_column][et_pb_column type=\u00a0\u00bb1_3&Prime; _builder_version=\u00a0\u00bb4.27.4&Prime; _module_preset=\u00a0\u00bbdefault\u00a0\u00bb global_colors_info=\u00a0\u00bb{}\u00a0\u00bb][et_pb_team_member name=\u00a0\u00bbJos\u00e9e Vincent\u00a0\u00bb image_url=\u00a0\u00bbhttps:\/\/www.inscriptionenligne.ca\/dixdecoeur\/wp-content\/uploads\/2025\/12\/PostRS_10decoeur2026_Joseg\u0327e-Vincent_Ambassadeurs.png\u00a0\u00bb _builder_version=\u00a0\u00bb4.27.5&Prime; _module_preset=\u00a0\u00bbdefault\u00a0\u00bb header_font=\u00a0\u00bb|700|||||||\u00a0\u00bb border_radii_image=\u00a0\u00bbon|12px|12px|12px|12px\u00a0\u00bb global_colors_info=\u00a0\u00bb{}\u00a0\u00bb]<\/p>\n<p>Directrice adjointe de la logistique et des services techniques au CIUSSS Saguenay\u2013Lac-Saint-Jean depuis 2023 Passionn\u00e9e par l\u2019activit\u00e9 physique et la sant\u00e9, je crois au pouvoir du sport pour rassembler et inspirer. Forte d\u2019un parcours en coordination d\u2019\u00e9v\u00e9nements sportifs et d\u2019initiatives mobilisatrices, j\u2019aime rassembler et motiver les gens autour de d\u00e9fis stimulants\u202f!<\/p>\n<p>Nom d&rsquo;\u00e9quipe : Ambassadrice Jos\u00e9e Vincent CIUSSS<\/p>\n<p>[\/et_pb_team_member][\/et_pb_column][et_pb_column type=\u00a0\u00bb1_3&Prime; _builder_version=\u00a0\u00bb4.27.4&Prime; _module_preset=\u00a0\u00bbdefault\u00a0\u00bb global_colors_info=\u00a0\u00bb{}\u00a0\u00bb][et_pb_team_member name=\u00a0\u00bbEndrick Girard\u00a0\u00bb image_url=\u00a0\u00bbhttps:\/\/www.inscriptionenligne.ca\/dixdecoeur\/wp-content\/uploads\/2025\/12\/PostRS_10decoeur2026_Endrick-Girard_Ambassadeurs.png\u00a0\u00bb _builder_version=\u00a0\u00bb4.27.5&Prime; _module_preset=\u00a0\u00bbdefault\u00a0\u00bb header_font=\u00a0\u00bb|600|||||||\u00a0\u00bb border_radii_image=\u00a0\u00bbon|12px|12px|12px|12px\u00a0\u00bb global_colors_info=\u00a0\u00bb{}\u00a0\u00bb]<\/p>\n<p>Toujours pr\u00eat \u00e0 donner au suivant, autant dans son travail que dans sa vie de famille, il incarne vraiment l\u2019engagement. Physioth\u00e9rapeute depuis 2016 et propri\u00e9taire de Physioth\u00e9rapie Endrick-Girard au Complexe m\u00e9dical l\u2019AXE, il se passionne pour l\u2019\u00e9ducation, la pr\u00e9vention et les saines habitudes de vie. Son but est simple : aider chacun \u00e0 bouger mieux et vivre mieux.<\/p>\n<p><span data-olk-copy-source=\"MessageBody\">Nom d&rsquo;\u00e9quipe : Ambassadeur Endrick Girard Physioth\u00e9rapeute\u00a0<\/span><\/p>\n<p>[\/et_pb_team_member][\/et_pb_column][\/et_pb_row][et_pb_row _builder_version=\u00a0\u00bb4.27.5&Prime; _module_preset=\u00a0\u00bbdefault\u00a0\u00bb global_colors_info=\u00a0\u00bb{}\u00a0\u00bb][et_pb_column type=\u00a0\u00bb4_4&Prime; _builder_version=\u00a0\u00bb4.27.5&Prime; _module_preset=\u00a0\u00bbdefault\u00a0\u00bb global_colors_info=\u00a0\u00bb{}\u00a0\u00bb][et_pb_divider _builder_version=\u00a0\u00bb4.27.5&Prime; _module_preset=\u00a0\u00bbdefault\u00a0\u00bb global_colors_info=\u00a0\u00bb{}\u00a0\u00bb][\/et_pb_divider][\/et_pb_column][\/et_pb_row][et_pb_row column_structure=\u00a0\u00bb1_3,1_3,1_3&Prime; _builder_version=\u00a0\u00bb4.27.5&Prime; _module_preset=\u00a0\u00bbdefault\u00a0\u00bb global_colors_info=\u00a0\u00bb{}\u00a0\u00bb][et_pb_column type=\u00a0\u00bb1_3&Prime; _builder_version=\u00a0\u00bb4.27.5&Prime; _module_preset=\u00a0\u00bbdefault\u00a0\u00bb global_colors_info=\u00a0\u00bb{}\u00a0\u00bb][et_pb_team_member name=\u00a0\u00bbPierre-Olivier Tremblay et Pascale C\u00f4t\u00e9\u00a0\u00bb position=\u00a0\u00bbCo-Propri\u00e9taire ATHLX Hyrox Gym\u00a0\u00bb image_url=\u00a0\u00bbhttps:\/\/www.inscriptionenligne.ca\/dixdecoeur\/wp-content\/uploads\/2026\/01\/PostRS_10decoeur2026_Pascale_CB4tA9_et_Pierre-Olivier_Tremblay_Ambassadeurs_1080x1350.jpg\u00a0\u00bb _builder_version=\u00a0\u00bb4.27.5&Prime; _module_preset=\u00a0\u00bbdefault\u00a0\u00bb header_font=\u00a0\u00bb|600|||||||\u00a0\u00bb border_radii_image=\u00a0\u00bbon|12px|12px|12px|12px\u00a0\u00bb global_colors_info=\u00a0\u00bb{}\u00a0\u00bb]<\/p>\n<p>Ensemble dans la vie comme en affaires, nous partageons un m\u00eame objectif : prendre soin de notre famille et de notre communaut\u00e9. Amoureux de l\u2019entra\u00eenement, comp\u00e9titifs de nature et fervents promoteurs des saines habitudes de vie, nous croyons profond\u00e9ment qu\u2019un corps sain nourrit un esprit sain.Aucun d\u00e9fi ne nous arr\u00eate, c&rsquo;est d\u2019ailleurs ce qui nous a men\u00e9s \u00e0 ouvrir un centre d\u2019entra\u00eenement\u2026 dans une ancienne \u00e9glise !<\/p>\n<p>Joignez leur \u00e9quipe : Ambassadeurs Pierre-Olivier et Pascale &#8211; ATHLX Hyrox Gym<\/p>\n<p>[\/et_pb_team_member][\/et_pb_column][et_pb_column type=\u00a0\u00bb1_3&Prime; _builder_version=\u00a0\u00bb4.27.5&Prime; _module_preset=\u00a0\u00bbdefault\u00a0\u00bb global_colors_info=\u00a0\u00bb{}\u00a0\u00bb][et_pb_team_member name=\u00a0\u00bbL\u00e9a Compartino\u00a0\u00bb position=\u00a0\u00bbest co-animatrice pour la radio r\u00e9gionale KYK 95,7.\u00a0\u00bb image_url=\u00a0\u00bbhttps:\/\/www.inscriptionenligne.ca\/dixdecoeur\/wp-content\/uploads\/2025\/12\/PostRS_10decoeur2026_LA9a_Compartino_Ambassadeurs.png\u00a0\u00bb _builder_version=\u00a0\u00bb4.27.5&Prime; _module_preset=\u00a0\u00bbdefault\u00a0\u00bb header_font=\u00a0\u00bb|600|||||||\u00a0\u00bb border_radii_image=\u00a0\u00bbon|12px|12px|12px|12px\u00a0\u00bb global_colors_info=\u00a0\u00bb{}\u00a0\u00bb]<\/p>\n<p>Pour L\u00e9a, \u2018\u2019bouger\u2019\u2019 rime avant tout avec partage. C\u2019est l\u2019occasion de cr\u00e9er des moments pr\u00e9cieux avec des gens qu\u2019elle aime, sans se mettre de pression de performance \u00e0 tout prix. Son mot d\u2019ordre : pas besoin d\u2019\u00eatre un athl\u00e8te pour faire du sport !<\/p>\n<p>Joignez-vous \u00e0 l&rsquo;\u00e9quipe de L\u00e9a pour le Dix de c\u0153ur !<\/p>\n<p>Nom d&rsquo;\u00e9quipe : Ambassadrice L\u00e9a Compartino Kyk fm<\/p>\n<p>[\/et_pb_team_member][\/et_pb_column][et_pb_column type=\u00a0\u00bb1_3&Prime; _builder_version=\u00a0\u00bb4.27.5&Prime; _module_preset=\u00a0\u00bbdefault\u00a0\u00bb global_colors_info=\u00a0\u00bb{}\u00a0\u00bb][et_pb_team_member name=\u00a0\u00bbPr\u00e9sident-fondateur de la Web Shop\u00a0\u00bb image_url=\u00a0\u00bbhttps:\/\/www.inscriptionenligne.ca\/dixdecoeur\/wp-content\/uploads\/2026\/01\/PostRS_10decoeur2026_Keyven-Ferland_Ambassadeurs_1080x1350.jpg\u00a0\u00bb _builder_version=\u00a0\u00bb4.27.5&Prime; _module_preset=\u00a0\u00bbdefault\u00a0\u00bb header_font=\u00a0\u00bb|600|||||||\u00a0\u00bb border_radii_image=\u00a0\u00bbon|12px|12px|12px|12px\u00a0\u00bb global_colors_info=\u00a0\u00bb{}\u00a0\u00bb]<\/p>\n<p><em>Si je m\u2019implique dans le 10 de c\u0153ur, c\u2019est pour \u00e7a.<\/em><br \/><em>Pas pour l\u2019image.<\/em><br \/><em>Pas pour la performance.<\/em><\/p>\n<p><em>Je le fais pour moi.<\/em><br \/><em>Pour \u00eatre l\u00e0 longtemps.<\/em><br \/><em>Pour voir mes enfants grandir.<\/em><br \/><em>Et pour continuer \u00e0 vivre de beaux moments avec les gens que j\u2019aime.<\/em><\/p>\n<p><em>Mettre mes runnings, ce n\u2019est pas toujours facile.<\/em><br \/><em>Mais ne pas les mettre, je sais maintenant ce que \u00e7a peut me couter.<\/em><\/p>\n<p>Joignez son \u00e9quipe de La Web Shop<\/p>\n<p>[\/et_pb_team_member][\/et_pb_column][\/et_pb_row][et_pb_row _builder_version=\u00a0\u00bb4.27.5&Prime; _module_preset=\u00a0\u00bbdefault\u00a0\u00bb global_colors_info=\u00a0\u00bb{}\u00a0\u00bb][et_pb_column type=\u00a0\u00bb4_4&Prime; _builder_version=\u00a0\u00bb4.27.5&Prime; _module_preset=\u00a0\u00bbdefault\u00a0\u00bb global_colors_info=\u00a0\u00bb{}\u00a0\u00bb][et_pb_divider _builder_version=\u00a0\u00bb4.27.5&Prime; _module_preset=\u00a0\u00bbdefault\u00a0\u00bb global_colors_info=\u00a0\u00bb{}\u00a0\u00bb][\/et_pb_divider][\/et_pb_column][\/et_pb_row][et_pb_row column_structure=\u00a0\u00bb1_3,1_3,1_3&Prime; _builder_version=\u00a0\u00bb4.27.5&Prime; _module_preset=\u00a0\u00bbdefault\u00a0\u00bb global_colors_info=\u00a0\u00bb{}\u00a0\u00bb][et_pb_column type=\u00a0\u00bb1_3&Prime; _builder_version=\u00a0\u00bb4.27.5&Prime; _module_preset=\u00a0\u00bbdefault\u00a0\u00bb global_colors_info=\u00a0\u00bb{}\u00a0\u00bb][et_pb_team_member name=\u00a0\u00bbMATHIEU PAGEAU\u00a0\u00bb image_url=\u00a0\u00bbhttps:\/\/www.inscriptionenligne.ca\/dixdecoeur\/wp-content\/uploads\/2026\/01\/PostRS_10decoeur2026_Mathieu-Pageau_Ambassadeurs_1080x1350.jpg\u00a0\u00bb _builder_version=\u00a0\u00bb4.27.5&Prime; _module_preset=\u00a0\u00bbdefault\u00a0\u00bb header_font=\u00a0\u00bb|600|||||||\u00a0\u00bb border_radii_image=\u00a0\u00bbon|12px|12px|12px|12px\u00a0\u00bb global_colors_info=\u00a0\u00bb{}\u00a0\u00bb]<\/p>\n<p>Nous sommes fiers de compter Mathieu Pageau, interniste-intensiviste \u00e0 l\u2019H\u00f4pital de Chicoutimi (CIUSSS du Saguenay\u2013Lac-Saint-Jean), parmi les personnes engag\u00e9es aupr\u00e8s du Dix de C\u0153ur.<\/p>\n<p>Pour Mathieu, la pr\u00e9vention est au c\u0153ur d\u2019une sant\u00e9 durable. L\u2019activit\u00e9 physique est l\u2019un des moyens les plus puissants, accessibles et efficaces pour pr\u00e9venir les maladies cardiovasculaires, en ralentir la progression et am\u00e9liorer la qualit\u00e9 de vie.<br \/>S\u2019impliquer dans le Dix de C\u0153ur, c\u2019est pour lui une fa\u00e7on concr\u00e8te d\u2019encourager notre communaut\u00e9 \u00e0 bouger, \u00e0 prendre soin de sa sant\u00e9 et \u00e0 adopter de saines habitudes de vie.<\/p>\n<p>\u2728 Bouger, c\u2019est investir dans sa sant\u00e9 aujourd\u2019hui\u2026 et pour longtemps.<\/p>\n<p>JOIGNEZ SON \u00c9QUIPE : Ambassadeur Mathieu Pageau<\/p>\n<p>[\/et_pb_team_member][\/et_pb_column][et_pb_column type=\u00a0\u00bb1_3&Prime; _builder_version=\u00a0\u00bb4.27.5&Prime; _module_preset=\u00a0\u00bbdefault\u00a0\u00bb global_colors_info=\u00a0\u00bb{}\u00a0\u00bb][et_pb_team_member name=\u00a0\u00bbALEX LAUZI\u00c8RE\u00a0\u00bb image_url=\u00a0\u00bbhttps:\/\/www.inscriptionenligne.ca\/dixdecoeur\/wp-content\/uploads\/2026\/02\/10decoeur2026_Ambassadeurs-1080x1350_01.jpg\u00a0\u00bb _builder_version=\u00a0\u00bb4.27.5&Prime; _module_preset=\u00a0\u00bbdefault\u00a0\u00bb header_font=\u00a0\u00bb|600|||||||\u00a0\u00bb hover_enabled=\u00a0\u00bb0&Prime; border_radii_image=\u00a0\u00bbon|12px|12px|12px|12px\u00a0\u00bb global_colors_info=\u00a0\u00bb{}\u00a0\u00bb alt=\u00a0\u00bbAlex Lauzi\u00e8re\u00a0\u00bb title_text=\u00a0\u00bbAlex Lauzi\u00e8re\u00a0\u00bb sticky_enabled=\u00a0\u00bb0&Prime;]<\/p>\n<p>Nous sommes fiers de compter Alex Lauzi\u00e8re, cardiologue, parmi les ambassadeurs du Dix de C\u0153ur.<\/p>\n<p>Pour Alex, des initiatives comme Cardioforme rendent l\u2019activit\u00e9 physique accessible \u00e0 tous m\u00eame \u00e0 ceux qui pensaient que ce n\u2019\u00e9tait pas pour eux. Un \u00e9v\u00e9nement inclusif, rassembleur et une belle preuve que bouger peut aussi \u00eatre synonyme de plaisir.<\/p>\n<p>Bouger pour le c\u0153ur, \u00e0 tout \u00e2ge!<br \/>Merci Alex pour ton engagement<\/p>\n<p>Joignez son \u00e9quipe : Ambassadeur Alex Lauzi\u00e8re, Cardiologue<\/p>\n<p>[\/et_pb_team_member][\/et_pb_column][et_pb_column type=\u00a0\u00bb1_3&Prime; _builder_version=\u00a0\u00bb4.27.5&Prime; _module_preset=\u00a0\u00bbdefault\u00a0\u00bb global_colors_info=\u00a0\u00bb{}\u00a0\u00bb][\/et_pb_column][\/et_pb_row][\/et_pb_section]<\/p>\n","protected":false},"excerpt":{"rendered":"<p>Genevi\u00e8ve Leclerc Depuis plus de 20 ans, elle fait&#8230;<\/p>\n","protected":false},"author":1,"featured_media":0,"parent":0,"menu_order":0,"comment_status":"closed","ping_status":"closed","template":"","meta":{"_et_pb_use_builder":"on","_et_pb_old_content":"","_et_gb_content_width":"","footnotes":""},"class_list":["post-1477","page","type-page","status-publish","hentry"],"_links":{"self":[{"href":"https:\/\/www.inscriptionenligne.ca\/dixdecoeur\/wp-json\/wp\/v2\/pages\/1477","targetHints":{"allow":["GET"]}}],"collection":[{"href":"https:\/\/www.inscriptionenligne.ca\/dixdecoeur\/wp-json\/wp\/v2\/pages"}],"about":[{"href":"https:\/\/www.inscriptionenligne.ca\/dixdecoeur\/wp-json\/wp\/v2\/types\/page"}],"author":[{"embeddable":true,"href":"https:\/\/www.inscriptionenligne.ca\/dixdecoeur\/wp-json\/wp\/v2\/users\/1"}],"replies":[{"embeddable":true,"href":"https:\/\/www.inscriptionenligne.ca\/dixdecoeur\/wp-json\/wp\/v2\/comments?post=1477"}],"version-history":[{"count":13,"href":"https:\/\/www.inscriptionenligne.ca\/dixdecoeur\/wp-json\/wp\/v2\/pages\/1477\/revisions"}],"predecessor-version":[{"id":1534,"href":"https:\/\/www.inscriptionenligne.ca\/dixdecoeur\/wp-json\/wp\/v2\/pages\/1477\/revisions\/1534"}],"wp:attachment":[{"href":"https:\/\/www.inscriptionenligne.ca\/dixdecoeur\/wp-json\/wp\/v2\/media?parent=1477"}],"curies":[{"name":"wp","href":"https:\/\/api.w.org\/{rel}","templated":true}]}}