{"id":1131,"date":"2024-09-30T16:23:46","date_gmt":"2024-09-30T20:23:46","guid":{"rendered":"https:\/\/www.inscriptionenligne.ca\/dixdecoeur\/?page_id=1131"},"modified":"2025-12-02T15:50:55","modified_gmt":"2025-12-02T20:50:55","slug":"creer-une-equipe","status":"publish","type":"page","link":"https:\/\/www.inscriptionenligne.ca\/dixdecoeur\/creer-une-equipe\/","title":{"rendered":"Cr\u00e9er une \u00e9quipe"},"content":{"rendered":"<h2>\u00c9quipe en Forme<\/h2>\n<h3><strong><span style=\"color: #ff0000;\">Faite battre le c\u0153ur de votre entreprise<\/span><\/strong><\/h3>\n<p><a href=\"https:\/\/cardioforme.com\/\" target=\"_blank\" rel=\"noopener\"><strong>CARDI-O-FORME<\/strong><\/a> invite la communaut\u00e9 \u00e0 participer \u00e0 la <strong>41e \u00e9dition<\/strong> de la marche\/course du Dix de C\u0153ur, o\u00f9 sport et engagement social se conjuguent pour une cause commune.<\/p>\n<p>Fort du succ\u00e8s des \u00e9ditions pr\u00e9c\u00e9dentes, les organisateurs lancent cette ann\u00e9e un volet \u00e9quipe, ouvert \u00e0 tous. Entreprises, familles, amis ou groupes divers sont invit\u00e9s \u00e0 former une ou plusieurs \u00e9quipes \u2013 aucune limite de participants! Chaque \u00e9quipe recevra un dossard personnalis\u00e9 arborant son nom pour la course.<\/p>\n<p>Que ce soit pour le plaisir du sport, l&rsquo;engagement social ou le renforcement des liens, toutes les raisons sont bonnes pour se joindre au Dix de C\u0153ur !<\/p>\n","protected":false},"excerpt":{"rendered":"<p>\u00c9quipe en Forme Faite battre le c\u0153ur de votre entreprise CARDI-O-FORME invite la communaut\u00e9 \u00e0 participer \u00e0 la 41e \u00e9dition de la marche\/course du Dix de C\u0153ur, o\u00f9 sport et engagement social se conjuguent pour une cause commune. Fort du succ\u00e8s des \u00e9ditions pr\u00e9c\u00e9dentes, les organisateurs lancent cette ann\u00e9e un volet \u00e9quipe, ouvert \u00e0 tous. [&hellip;]<\/p>\n","protected":false},"author":1,"featured_media":0,"parent":0,"menu_order":0,"comment_status":"closed","ping_status":"closed","template":"regpagecrea.php","meta":{"_et_pb_use_builder":"","_et_pb_old_content":"","_et_gb_content_width":"","footnotes":""},"class_list":["post-1131","page","type-page","status-publish","hentry"],"_links":{"self":[{"href":"https:\/\/www.inscriptionenligne.ca\/dixdecoeur\/wp-json\/wp\/v2\/pages\/1131","targetHints":{"allow":["GET"]}}],"collection":[{"href":"https:\/\/www.inscriptionenligne.ca\/dixdecoeur\/wp-json\/wp\/v2\/pages"}],"about":[{"href":"https:\/\/www.inscriptionenligne.ca\/dixdecoeur\/wp-json\/wp\/v2\/types\/page"}],"author":[{"embeddable":true,"href":"https:\/\/www.inscriptionenligne.ca\/dixdecoeur\/wp-json\/wp\/v2\/users\/1"}],"replies":[{"embeddable":true,"href":"https:\/\/www.inscriptionenligne.ca\/dixdecoeur\/wp-json\/wp\/v2\/comments?post=1131"}],"version-history":[{"count":7,"href":"https:\/\/www.inscriptionenligne.ca\/dixdecoeur\/wp-json\/wp\/v2\/pages\/1131\/revisions"}],"predecessor-version":[{"id":1470,"href":"https:\/\/www.inscriptionenligne.ca\/dixdecoeur\/wp-json\/wp\/v2\/pages\/1131\/revisions\/1470"}],"wp:attachment":[{"href":"https:\/\/www.inscriptionenligne.ca\/dixdecoeur\/wp-json\/wp\/v2\/media?parent=1131"}],"curies":[{"name":"wp","href":"https:\/\/api.w.org\/{rel}","templated":true}]}}